{"id":310,"date":"2017-10-30T09:36:40","date_gmt":"2017-10-30T07:36:40","guid":{"rendered":"https:\/\/ceccararad.ro\/ro\/?page_id=310"},"modified":"2019-11-12T15:08:31","modified_gmt":"2019-11-12T13:08:31","slug":"sunt-membru-ceccar","status":"publish","type":"page","link":"https:\/\/ceccarolt.ro\/ro\/membri\/sunt-membru-ceccar\/","title":{"rendered":"Sunt membru CECCAR \u2013 Expert contabil\/Contabil autorizat"},"content":{"rendered":"<section   class=\"fw-main-row  auto  fw-section-position-back\"    >\n\t\t\t<div class=\"fw-container\" >\n\t\t<div class=\"fw-row\">\n\t<div id=\"column-69e012297e451\" class=\"fw-col-sm-12 tf-sh-2d6908ceb28c160426878497d8edb2f5\" >\n\t<div class=\"fw-wrap-col-inner clearfix  \"   >\n\t\t\t\t<div class=\"fw-col-inner\">\n\t\t\t<div class=\"fw-text-box tf-sh-d6814657c82f87ec9b13d2c144d6f523 \" >\n\t<div class=\"fw-text-inner\">\n\t\t<p><strong>Sunt membru CECCAR \u2013 Expert contabil\/Contabil autorizat<\/strong><\/p>\n\t<\/div>\n<\/div><div class=\"fw-divider-space space-sm  clearfix\"  ><\/div>\t\t<\/div>\n\t<\/div>\n<\/div><\/div>\n\n<div class=\"fw-row\">\n\t<div id=\"column-69e012297f0eb\" class=\"fw-col-sm-4 tf-sh-bd971c0237e3594be43b5164fe4c59e7\" >\n\t<div class=\"fw-wrap-col-inner clearfix  \"   >\n\t\t\t\t<div class=\"fw-col-inner\">\n\t\t\t\t<a href=\"https:\/\/ceccarolt.ro\/ro\/membri\/sunt-membru-ceccar\/activitate-profesionala\/\" target=\"_self\" class=\"fw-btn tf-sh-0f64ed9930a653397a03dfd778b79fc1 fw-btn-full fw-btn-lg   fw-btn-1\"  style=\"\">\n\t\t<span >\n\t\t\tActivitate profesional\u0103\t\t<\/span>\n\t<\/a>\n\t\t<\/div>\n\t<\/div>\n<\/div><div id=\"column-69e012297f7b4\" class=\"fw-col-sm-4 tf-sh-fa75a468dcf3a7e2e398468327ea1950\" >\n\t<div class=\"fw-wrap-col-inner clearfix  \"   >\n\t\t\t\t<div class=\"fw-col-inner\">\n\t\t\t\t<a href=\"https:\/\/ceccarolt.ro\/ro\/membri\/sunt-membru-ceccar\/dezvoltare-profesionala\/\" target=\"_self\" class=\"fw-btn tf-sh-7f9ad38250def13d67f913415345eb96 fw-btn-full fw-btn-lg   fw-btn-1\"  style=\"\">\n\t\t<span >\n\t\t\tDezvoltare profesional\u0103\t\t<\/span>\n\t<\/a>\n\t\t<\/div>\n\t<\/div>\n<\/div><div id=\"column-69e012297fd72\" class=\"fw-col-sm-4 tf-sh-12cb43e8ba8f527bbfe00068781c6c1f\" >\n\t<div class=\"fw-wrap-col-inner clearfix  \"   >\n\t\t\t\t<div class=\"fw-col-inner\">\n\t\t\t\t<a href=\"https:\/\/ceccarolt.ro\/ro\/membri\/sunt-membru-ceccar\/etica\/\" target=\"_self\" class=\"fw-btn tf-sh-d8f178d9ae698b5fa8020abba9cf0970 fw-btn-full fw-btn-lg   fw-btn-1\"  style=\"\">\n\t\t<span >\n\t\t\tEtic\u0103\t\t<\/span>\n\t<\/a>\n\t\t<\/div>\n\t<\/div>\n<\/div><\/div>\n\n<div class=\"fw-row\">\n\t<div id=\"column-69e012298059e\" class=\"fw-col-sm-12 tf-sh-1017ed9f4c263e5c7b7335a140358acd\" >\n\t<div class=\"fw-wrap-col-inner clearfix  \"   >\n\t\t\t\t<div class=\"fw-col-inner\">\n\t\t\t<div class=\"fw-divider-space space-md  clearfix\"  ><\/div>\t\t<\/div>\n\t<\/div>\n<\/div><\/div>\n\n<div class=\"fw-row\">\n\t<div id=\"column-69e0122980c66\" class=\"fw-col-sm-4 tf-sh-b0ba56853ea9db13eae971759a7d2d9a\" >\n\t<div class=\"fw-wrap-col-inner clearfix  \"   >\n\t\t\t\t<div class=\"fw-col-inner\">\n\t\t\t\t<a href=\"https:\/\/ceccarolt.ro\/ro\/membri\/sunt-membru-ceccar\/expertiza-contabila\/\" target=\"_self\" class=\"fw-btn tf-sh-e9d65bff1c814bc7384e9aaeba65c583 fw-btn-full fw-btn-lg   fw-btn-1\"  style=\"\">\n\t\t<span >\n\t\t\tExpertiz\u0103 contabil\u0103\t\t<\/span>\n\t<\/a>\n\t\t<\/div>\n\t<\/div>\n<\/div><div id=\"column-69e012298124a\" class=\"fw-col-sm-4 tf-sh-82732c85d603bc5ede725876cd807ca6\" >\n\t<div class=\"fw-wrap-col-inner clearfix  \"   >\n\t\t\t\t<div class=\"fw-col-inner\">\n\t\t\t\t<a href=\"https:\/\/ceccarolt.ro\/ro\/membri\/sunt-membru-ceccar\/audit-de-calitate\/\" target=\"_self\" class=\"fw-btn tf-sh-0ed3cf73a96b8a96ddb2cbff2eb6ac83 fw-btn-full fw-btn-lg   fw-btn-1\"  style=\"\">\n\t\t<span >\n\t\t\tAudit de calitate\t\t<\/span>\n\t<\/a>\n\t\t<\/div>\n\t<\/div>\n<\/div><div id=\"column-69e01229817ea\" class=\"fw-col-sm-4 tf-sh-d7d8a81009fea69289474092fd7889e9\" >\n\t<div class=\"fw-wrap-col-inner clearfix  \"   >\n\t\t\t\t<div class=\"fw-col-inner\">\n\t\t\t\t<a href=\"https:\/\/evidnou.ceccaro.ro\/forum\/\" target=\"_self\" class=\"fw-btn tf-sh-f14a720764791c79a3f36e1c932cab7d fw-btn-full fw-btn-lg   fw-btn-1\"  style=\"\">\n\t\t<span >\n\t\t\tForum membri\t\t<\/span>\n\t<\/a>\n\t\t<\/div>\n\t<\/div>\n<\/div><\/div>\n\n<div class=\"fw-row\">\n\t<div id=\"column-69e0122981ff5\" class=\"fw-col-sm-12 tf-sh-1017ed9f4c263e5c7b7335a140358acd\" >\n\t<div class=\"fw-wrap-col-inner clearfix  \"   >\n\t\t\t\t<div class=\"fw-col-inner\">\n\t\t\t<div class=\"fw-divider-space space-md  clearfix\"  ><\/div>\t\t<\/div>\n\t<\/div>\n<\/div><\/div>\n\n<div class=\"fw-row\">\n\t<div id=\"column-69e012298267b\" class=\"fw-col-sm-4 tf-sh-368be9c20aa86daa3803c4eeff92ddcf\" >\n\t<div class=\"fw-wrap-col-inner clearfix  \"   >\n\t\t\t\t<div class=\"fw-col-inner\">\n\t\t\t\t<a href=\"http:\/\/ceccar.ro\/ro\/?page_id=97\" target=\"_self\" class=\"fw-btn tf-sh-b3ce00c54e625126be0de949ff6716ff fw-btn-full fw-btn-lg   fw-btn-1\"  style=\"\">\n\t\t<span >\n\t\t\tTablou membri\t\t<\/span>\n\t<\/a>\n\t\t<\/div>\n\t<\/div>\n<\/div><div id=\"column-69e0122982e95\" class=\"fw-col-sm-4 tf-sh-8991487e320f540fa547f479dd7c152f\" >\n\t<div class=\"fw-wrap-col-inner clearfix  \"   >\n\t\t\t\t<div class=\"fw-col-inner\">\n\t\t\t\t<a href=\"https:\/\/ceccarolt.ro\/ro\/membri\/sunt-membru-ceccar\/formulare\/\" target=\"_self\" class=\"fw-btn tf-sh-ddedc5d6ba54d8c537edfb3fd3a79aac fw-btn-full fw-btn-lg   fw-btn-1\"  style=\"\">\n\t\t<span >\n\t\t\tFormulare\t\t<\/span>\n\t<\/a>\n\t\t<\/div>\n\t<\/div>\n<\/div><div id=\"column-69e012298347b\" class=\"fw-col-sm-4 tf-sh-dffb22de3c64cd695cb1951053c7896d\" >\n\t<div class=\"fw-wrap-col-inner clearfix  \"   >\n\t\t\t\t<div class=\"fw-col-inner\">\n\t\t\t\t<a href=\"https:\/\/ceccarolt.ro\/ro\/membri\/sunt-membru-ceccar\/taxe-si-cotizatii-2\/\" target=\"_self\" class=\"fw-btn tf-sh-964c2482be0c9831378045c5ceb3cbe1 fw-btn-full fw-btn-lg   fw-btn-1\"  style=\"\">\n\t\t<span >\n\t\t\tObtinere viza\t\t<\/span>\n\t<\/a>\n\t\t<\/div>\n\t<\/div>\n<\/div><\/div>\n\n<div class=\"fw-row\">\n\t<div id=\"column-69e0122983ae5\" class=\"fw-col-sm-12 tf-sh-1017ed9f4c263e5c7b7335a140358acd\" >\n\t<div class=\"fw-wrap-col-inner clearfix  \"   >\n\t\t\t\t<div class=\"fw-col-inner\">\n\t\t\t<div class=\"fw-divider-space space-md  clearfix\"  ><\/div>\t\t<\/div>\n\t<\/div>\n<\/div><\/div>\n\n\t<\/div>\n\t<\/section>\n","protected":false},"excerpt":{"rendered":"<p>Sunt membru CECCAR \u2013 Expert contabil\/Contabil autorizat Activitate profesional\u0103 Dezvoltare profesional\u0103 Etic\u0103 Expertiz\u0103 contabil\u0103 Audit de calitate Forum membri Tablou membri Formulare Obtinere viza<\/p>\n","protected":false},"author":1,"featured_media":0,"parent":286,"menu_order":2,"comment_status":"closed","ping_status":"closed","template":"visual-builder-template.php","meta":{"footnotes":""},"class_list":["post-310","page","type-page","status-publish","hentry"],"brizy_media":[],"_links":{"self":[{"href":"https:\/\/ceccarolt.ro\/ro\/wp-json\/wp\/v2\/pages\/310","targetHints":{"allow":["GET"]}}],"collection":[{"href":"https:\/\/ceccarolt.ro\/ro\/wp-json\/wp\/v2\/pages"}],"about":[{"href":"https:\/\/ceccarolt.ro\/ro\/wp-json\/wp\/v2\/types\/page"}],"author":[{"embeddable":true,"href":"https:\/\/ceccarolt.ro\/ro\/wp-json\/wp\/v2\/users\/1"}],"replies":[{"embeddable":true,"href":"https:\/\/ceccarolt.ro\/ro\/wp-json\/wp\/v2\/comments?post=310"}],"version-history":[{"count":10,"href":"https:\/\/ceccarolt.ro\/ro\/wp-json\/wp\/v2\/pages\/310\/revisions"}],"predecessor-version":[{"id":1759,"href":"https:\/\/ceccarolt.ro\/ro\/wp-json\/wp\/v2\/pages\/310\/revisions\/1759"}],"up":[{"embeddable":true,"href":"https:\/\/ceccarolt.ro\/ro\/wp-json\/wp\/v2\/pages\/286"}],"wp:attachment":[{"href":"https:\/\/ceccarolt.ro\/ro\/wp-json\/wp\/v2\/media?parent=310"}],"curies":[{"name":"wp","href":"https:\/\/api.w.org\/{rel}","templated":true}]}}